{"id":7,"date":"2022-01-03T08:41:37","date_gmt":"2022-01-03T07:41:37","guid":{"rendered":"https:\/\/fuvalom.hu\/?page_id=7"},"modified":"2025-06-27T14:02:57","modified_gmt":"2025-06-27T12:02:57","slug":"fooldal","status":"publish","type":"page","link":"https:\/\/fuvalom.hu\/en\/","title":{"rendered":"F\u0151oldal"},"content":{"rendered":"<p>[et_pb_section fb_built=&#8221;1&#8243; fullwidth=&#8221;on&#8221; _builder_version=&#8221;4.16&#8243; _module_preset=&#8221;default&#8221; custom_padding=&#8221;0px||0px||true|false&#8221; global_colors_info=&#8221;{}&#8221;][et_pb_fullwidth_slider _builder_version=&#8221;4.27.0&#8243; _module_preset=&#8221;default&#8221; background_image=&#8221;https:\/\/fuvalom.hu\/wp-content\/uploads\/2025\/06\/Fooldal-Fuvalom-033-scaled.jpg&#8221; width=&#8221;100%&#8221; width_tablet=&#8221;100%&#8221; width_phone=&#8221;100%&#8221; width_last_edited=&#8221;on|phone&#8221; content_width=&#8221;100%&#8221; content_max_width=&#8221;1052px&#8221; height=&#8221;1000px&#8221; max_height=&#8221;1000px&#8221; max_height_tablet=&#8221;577px&#8221; max_height_phone=&#8221;520px&#8221; max_height_last_edited=&#8221;on|tablet&#8221; custom_margin=&#8221;0px||||false|false&#8221; custom_padding=&#8221;0px||0px||false|false&#8221; hover_enabled=&#8221;0&#8243; global_colors_info=&#8221;{}&#8221; title_text=&#8221;F\u0151oldal -Fuvalom-033&#8243; sticky_enabled=&#8221;0&#8243;][et_pb_slide _builder_version=&#8221;4.16&#8243; _module_preset=&#8221;default&#8221; global_colors_info=&#8221;{}&#8221; sticky_transition=&#8221;on&#8221;][\/et_pb_slide][\/et_pb_fullwidth_slider][\/et_pb_section]<\/p>","protected":false},"excerpt":{"rendered":"","protected":false},"author":1,"featured_media":0,"parent":0,"menu_order":0,"comment_status":"closed","ping_status":"closed","template":"","meta":{"_et_pb_use_builder":"on","_et_pb_old_content":"","_et_gb_content_width":"","footnotes":""},"class_list":["post-7","page","type-page","status-publish","hentry"],"yoast_head":"<!-- This site is optimized with the Yoast SEO plugin v25.8 - https:\/\/yoast.com\/wordpress\/plugins\/seo\/ -->\n<title>F\u0151oldal - Fuvalom \u00c9nekegy\u00fcttes<\/title>\n<meta name=\"description\" content=\"A Fuvalom \u00c9nekegy\u00fcttes alapvet\u0151en n\u00e9pdalokb\u00f3l \u00e9p\u00edtkez\u0151 a capella egy\u00fcttes, mely n\u00e9ha kieg\u00e9sz\u00fcl egy-egy hangszerrel, hangkelt\u0151 eszk\u00f6zzel.\" \/>\n<meta name=\"robots\" content=\"index, follow, max-snippet:-1, max-image-preview:large, max-video-preview:-1\" \/>\n<link rel=\"canonical\" href=\"https:\/\/fuvalom.hu\/en\/\" \/>\n<meta property=\"og:locale\" content=\"en_US\" \/>\n<meta property=\"og:type\" content=\"article\" \/>\n<meta property=\"og:title\" content=\"F\u0151oldal - Fuvalom \u00c9nekegy\u00fcttes\" \/>\n<meta property=\"og:description\" content=\"A Fuvalom \u00c9nekegy\u00fcttes alapvet\u0151en n\u00e9pdalokb\u00f3l \u00e9p\u00edtkez\u0151 a capella egy\u00fcttes, mely n\u00e9ha kieg\u00e9sz\u00fcl egy-egy hangszerrel, hangkelt\u0151 eszk\u00f6zzel.\" \/>\n<meta property=\"og:url\" content=\"https:\/\/fuvalom.hu\/en\/\" \/>\n<meta property=\"og:site_name\" content=\"Fuvalom \u00c9nekegy\u00fcttes\" \/>\n<meta property=\"article:modified_time\" content=\"2025-06-27T12:02:57+00:00\" \/>\n<meta name=\"twitter:card\" content=\"summary_large_image\" \/>\n<meta name=\"twitter:label1\" content=\"Est. reading time\" \/>\n\t<meta name=\"twitter:data1\" content=\"1 minute\" \/>\n<script type=\"application\/ld+json\" class=\"yoast-schema-graph\">{\"@context\":\"https:\/\/schema.org\",\"@graph\":[{\"@type\":\"WebPage\",\"@id\":\"https:\/\/fuvalom.hu\/\",\"url\":\"https:\/\/fuvalom.hu\/\",\"name\":\"F\u0151oldal - Fuvalom \u00c9nekegy\u00fcttes\",\"isPartOf\":{\"@id\":\"https:\/\/fuvalom.hu\/#website\"},\"datePublished\":\"2022-01-03T07:41:37+00:00\",\"dateModified\":\"2025-06-27T12:02:57+00:00\",\"description\":\"A Fuvalom \u00c9nekegy\u00fcttes alapvet\u0151en n\u00e9pdalokb\u00f3l \u00e9p\u00edtkez\u0151 a capella egy\u00fcttes, mely n\u00e9ha kieg\u00e9sz\u00fcl egy-egy hangszerrel, hangkelt\u0151 eszk\u00f6zzel.\",\"breadcrumb\":{\"@id\":\"https:\/\/fuvalom.hu\/#breadcrumb\"},\"inLanguage\":\"en-US\",\"potentialAction\":[{\"@type\":\"ReadAction\",\"target\":[\"https:\/\/fuvalom.hu\/\"]}]},{\"@type\":\"BreadcrumbList\",\"@id\":\"https:\/\/fuvalom.hu\/#breadcrumb\",\"itemListElement\":[{\"@type\":\"ListItem\",\"position\":1,\"name\":\"Kezd\u0151lap\",\"item\":\"https:\/\/fuvalom.hu\/\"},{\"@type\":\"ListItem\",\"position\":2,\"name\":\"F\u0151oldal\"}]},{\"@type\":\"WebSite\",\"@id\":\"https:\/\/fuvalom.hu\/#website\",\"url\":\"https:\/\/fuvalom.hu\/\",\"name\":\"Fuvalom \u00c9nekegy\u00fcttes\",\"description\":\"\",\"potentialAction\":[{\"@type\":\"SearchAction\",\"target\":{\"@type\":\"EntryPoint\",\"urlTemplate\":\"https:\/\/fuvalom.hu\/?s={search_term_string}\"},\"query-input\":{\"@type\":\"PropertyValueSpecification\",\"valueRequired\":true,\"valueName\":\"search_term_string\"}}],\"inLanguage\":\"en-US\"}]}<\/script>\n<!-- \/ Yoast SEO plugin. -->","yoast_head_json":{"title":"F\u0151oldal - Fuvalom \u00c9nekegy\u00fcttes","description":"A Fuvalom \u00c9nekegy\u00fcttes alapvet\u0151en n\u00e9pdalokb\u00f3l \u00e9p\u00edtkez\u0151 a capella egy\u00fcttes, mely n\u00e9ha kieg\u00e9sz\u00fcl egy-egy hangszerrel, hangkelt\u0151 eszk\u00f6zzel.","robots":{"index":"index","follow":"follow","max-snippet":"max-snippet:-1","max-image-preview":"max-image-preview:large","max-video-preview":"max-video-preview:-1"},"canonical":"https:\/\/fuvalom.hu\/en\/","og_locale":"en_US","og_type":"article","og_title":"F\u0151oldal - Fuvalom \u00c9nekegy\u00fcttes","og_description":"A Fuvalom \u00c9nekegy\u00fcttes alapvet\u0151en n\u00e9pdalokb\u00f3l \u00e9p\u00edtkez\u0151 a capella egy\u00fcttes, mely n\u00e9ha kieg\u00e9sz\u00fcl egy-egy hangszerrel, hangkelt\u0151 eszk\u00f6zzel.","og_url":"https:\/\/fuvalom.hu\/en\/","og_site_name":"Fuvalom \u00c9nekegy\u00fcttes","article_modified_time":"2025-06-27T12:02:57+00:00","twitter_card":"summary_large_image","twitter_misc":{"Est. reading time":"1 minute"},"schema":{"@context":"https:\/\/schema.org","@graph":[{"@type":"WebPage","@id":"https:\/\/fuvalom.hu\/","url":"https:\/\/fuvalom.hu\/","name":"F\u0151oldal - Fuvalom \u00c9nekegy\u00fcttes","isPartOf":{"@id":"https:\/\/fuvalom.hu\/#website"},"datePublished":"2022-01-03T07:41:37+00:00","dateModified":"2025-06-27T12:02:57+00:00","description":"A Fuvalom \u00c9nekegy\u00fcttes alapvet\u0151en n\u00e9pdalokb\u00f3l \u00e9p\u00edtkez\u0151 a capella egy\u00fcttes, mely n\u00e9ha kieg\u00e9sz\u00fcl egy-egy hangszerrel, hangkelt\u0151 eszk\u00f6zzel.","breadcrumb":{"@id":"https:\/\/fuvalom.hu\/#breadcrumb"},"inLanguage":"en-US","potentialAction":[{"@type":"ReadAction","target":["https:\/\/fuvalom.hu\/"]}]},{"@type":"BreadcrumbList","@id":"https:\/\/fuvalom.hu\/#breadcrumb","itemListElement":[{"@type":"ListItem","position":1,"name":"Kezd\u0151lap","item":"https:\/\/fuvalom.hu\/"},{"@type":"ListItem","position":2,"name":"F\u0151oldal"}]},{"@type":"WebSite","@id":"https:\/\/fuvalom.hu\/#website","url":"https:\/\/fuvalom.hu\/","name":"Fuvalom \u00c9nekegy\u00fcttes","description":"","potentialAction":[{"@type":"SearchAction","target":{"@type":"EntryPoint","urlTemplate":"https:\/\/fuvalom.hu\/?s={search_term_string}"},"query-input":{"@type":"PropertyValueSpecification","valueRequired":true,"valueName":"search_term_string"}}],"inLanguage":"en-US"}]}},"_links":{"self":[{"href":"https:\/\/fuvalom.hu\/en\/wp-json\/wp\/v2\/pages\/7","targetHints":{"allow":["GET"]}}],"collection":[{"href":"https:\/\/fuvalom.hu\/en\/wp-json\/wp\/v2\/pages"}],"about":[{"href":"https:\/\/fuvalom.hu\/en\/wp-json\/wp\/v2\/types\/page"}],"author":[{"embeddable":true,"href":"https:\/\/fuvalom.hu\/en\/wp-json\/wp\/v2\/users\/1"}],"replies":[{"embeddable":true,"href":"https:\/\/fuvalom.hu\/en\/wp-json\/wp\/v2\/comments?post=7"}],"version-history":[{"count":29,"href":"https:\/\/fuvalom.hu\/en\/wp-json\/wp\/v2\/pages\/7\/revisions"}],"predecessor-version":[{"id":1252,"href":"https:\/\/fuvalom.hu\/en\/wp-json\/wp\/v2\/pages\/7\/revisions\/1252"}],"wp:attachment":[{"href":"https:\/\/fuvalom.hu\/en\/wp-json\/wp\/v2\/media?parent=7"}],"curies":[{"name":"wp","href":"https:\/\/api.w.org\/{rel}","templated":true}]}}